{"id":1371,"date":"2022-05-21T14:11:48","date_gmt":"2022-05-21T12:11:48","guid":{"rendered":"https:\/\/pomozkol.wordpress.com\/?page_id=1371"},"modified":"2022-05-21T14:11:48","modified_gmt":"2022-05-21T12:11:48","slug":"planowane","status":"publish","type":"page","link":"https:\/\/www.pomzkol.pl\/index.php\/planowane\/","title":{"rendered":"Planowane zawody"},"content":{"rendered":"\n<pre class=\"wp-block-verse\">Wydarzenia tu opublikowane nie s\u0105 organizowane przez Pomorski Okr\u0119gowy Zwi\u0105zek Kolarski.  Zwi\u0105zek nie odpowiada za organizacj\u0119, a wydarzenia s\u0105 zg\u0142aszane przez osoby spoza zwi\u0105zku. Informacje tu zwarte maj\u0105 jedynie charakter informacyjny, nie reklamowy.<\/pre>\n\n\n\n<ul class=\"wp-block-list\">\n<li>zawody oznaczone kolorem<strong> <mark style=\"background-color:rgba(0, 0, 0, 0);color:#ff0000;\" class=\"has-inline-color\">czerwonym<\/mark><\/strong> &#8211; Zawody Rangi Mistrzowskiej<\/li>\n\n\n\n<li>zawody oznaczone kolorem<mark style=\"background-color:rgba(0, 0, 0, 0);color:#008000;\" class=\"has-inline-color\"> <strong>zielonym<\/strong><\/mark> &#8211; Zawody Rangi Pucharu Polski<\/li>\n\n\n\n<li>zawody oznaczone kolorem<mark style=\"background-color:rgba(0, 0, 0, 0);color:#0000ff;\" class=\"has-inline-color\"> <strong>niebieskim<\/strong><\/mark>&nbsp;&#8211; Zawody Punktowane do Challange<\/li>\n\n\n\n<li>zawody oznaczone kolorem <strong>czarnym<\/strong> &#8211; pozosta\u0142e<\/li>\n<\/ul>\n\n\n\n<ul class=\"wp-block-jetpack-timeline\">\n<li style=\"background-color:#d9d9d9;\" class=\"wp-block-jetpack-timeline-item\"><div class=\"timeline-item\"><div class=\"timeline-item__bubble\" style=\"border-color:#d9d9d9;\"><\/div><div class=\"timeline-item__dot\" style=\"background-color:#d9d9d9;\"><\/div>\n<div class=\"wp-block-jetpack-layout-grid wp-block-jetpack-layout-gutter__nowrap are-vertically-aligned-center wp-block-jetpack-layout-gutter__none column1-desktop-grid__span-4 column1-desktop-grid__row-1 column2-desktop-grid__span-8 column2-desktop-grid__start-5 column2-desktop-grid__row-1 column1-tablet-grid__span-3 column1-tablet-grid__row-1 column2-tablet-grid__span-5 column2-tablet-grid__start-4 column2-tablet-grid__row-1 column1-mobile-grid__span-4 column1-mobile-grid__row-1 column2-mobile-grid__span-4 column2-mobile-grid__row-2\"><\/div>\n<\/div><\/li>\n\n\n\n<li style=\"background-color:#d9d9d9;\" class=\"wp-block-jetpack-timeline-item\"><div class=\"timeline-item\"><div class=\"timeline-item__bubble\" style=\"border-color:#d9d9d9;\"><\/div><div class=\"timeline-item__dot\" style=\"background-color:#d9d9d9;\"><\/div>\n<div class=\"wp-block-jetpack-layout-grid wp-block-jetpack-layout-gutter__nowrap are-vertically-aligned-center column1-desktop-grid__span-3 column1-desktop-grid__row-1 column2-desktop-grid__span-9 column2-desktop-grid__start-4 column2-desktop-grid__row-1 column1-tablet-grid__span-3 column1-tablet-grid__row-1 column2-tablet-grid__span-5 column2-tablet-grid__start-4 column2-tablet-grid__row-1 column1-mobile-grid__span-4 column1-mobile-grid__row-1 column2-mobile-grid__span-4 column2-mobile-grid__row-2\"><\/div>\n<\/div><\/li>\n<\/ul>\n","protected":false},"excerpt":{"rendered":"<p>Wydarzenia tu opublikowane nie s\u0105 organizowane przez Pomorski Okr\u0119gowy Zwi\u0105zek Kolarski. Zwi\u0105zek nie odpowiada za organizacj\u0119, a wydarzenia s\u0105 zg\u0142aszane przez osoby spoza zwi\u0105zku. Informacje tu zwarte maj\u0105 jedynie charakter informacyjny, nie reklamowy.<\/p>\n","protected":false},"author":1,"featured_media":1436,"parent":0,"menu_order":5,"comment_status":"closed","ping_status":"closed","template":"templates\/full-width-page.php","meta":{"footnotes":""},"class_list":["post-1371","page","type-page","status-publish","has-post-thumbnail","hentry"],"_links":{"self":[{"href":"https:\/\/www.pomzkol.pl\/index.php\/wp-json\/wp\/v2\/pages\/1371","targetHints":{"allow":["GET"]}}],"collection":[{"href":"https:\/\/www.pomzkol.pl\/index.php\/wp-json\/wp\/v2\/pages"}],"about":[{"href":"https:\/\/www.pomzkol.pl\/index.php\/wp-json\/wp\/v2\/types\/page"}],"author":[{"embeddable":true,"href":"https:\/\/www.pomzkol.pl\/index.php\/wp-json\/wp\/v2\/users\/1"}],"replies":[{"embeddable":true,"href":"https:\/\/www.pomzkol.pl\/index.php\/wp-json\/wp\/v2\/comments?post=1371"}],"version-history":[{"count":0,"href":"https:\/\/www.pomzkol.pl\/index.php\/wp-json\/wp\/v2\/pages\/1371\/revisions"}],"wp:featuredmedia":[{"embeddable":true,"href":"https:\/\/www.pomzkol.pl\/index.php\/wp-json\/wp\/v2\/media\/1436"}],"wp:attachment":[{"href":"https:\/\/www.pomzkol.pl\/index.php\/wp-json\/wp\/v2\/media?parent=1371"}],"curies":[{"name":"wp","href":"https:\/\/api.w.org\/{rel}","templated":true}]}}