{"id":47,"date":"2022-04-29T21:45:42","date_gmt":"2022-04-29T19:45:42","guid":{"rendered":"https:\/\/pomozkol.wordpress.com\/?page_id=47"},"modified":"2022-12-31T20:07:33","modified_gmt":"2022-12-31T19:07:33","slug":"zglaszanie","status":"publish","type":"page","link":"https:\/\/www.pomzkol.pl\/index.php\/zglaszanie\/","title":{"rendered":"Zg\u0142aszanie zawod\u00f3w"},"content":{"rendered":"\n<p>Chcesz zg\u0142osi\u0107 wydarzenie ? Skontaktuj si\u0119 z nami<\/p>\n\n\n\n<div class=\"wpcf7 no-js\" id=\"wpcf7-f2359-o1\" lang=\"en-US\" dir=\"ltr\" data-wpcf7-id=\"2359\">\n<div class=\"screen-reader-response\"><p role=\"status\" aria-live=\"polite\" aria-atomic=\"true\"><\/p> <ul><\/ul><\/div>\n<form action=\"\/index.php\/wp-json\/wp\/v2\/pages\/47#wpcf7-f2359-o1\" method=\"post\" class=\"wpcf7-form init\" aria-label=\"Contact form\" novalidate=\"novalidate\" data-status=\"init\">\n<fieldset class=\"hidden-fields-container\"><input type=\"hidden\" name=\"_wpcf7\" value=\"2359\" \/><input type=\"hidden\" name=\"_wpcf7_version\" value=\"6.1.5\" \/><input type=\"hidden\" name=\"_wpcf7_locale\" value=\"en_US\" \/><input type=\"hidden\" name=\"_wpcf7_unit_tag\" value=\"wpcf7-f2359-o1\" \/><input type=\"hidden\" name=\"_wpcf7_container_post\" value=\"0\" \/><input type=\"hidden\" name=\"_wpcf7_posted_data_hash\" value=\"\" \/>\n<\/fieldset>\n<p><label> Imi\u0119 i nazwisko osoby zg\u0142aszaj\u0105cej<span class=\"wpcf7-form-control-wrap\" data-name=\"your-name\"><input size=\"40\" maxlength=\"400\" class=\"wpcf7-form-control wpcf7-text wpcf7-validates-as-required\" aria-required=\"true\" aria-invalid=\"false\" value=\"\" type=\"text\" name=\"your-name\" \/><\/span> <\/label>\n<\/p>\n<p><label>Tw\u00f3j adres e-mail <span class=\"wpcf7-form-control-wrap\" data-name=\"your-email\"><input size=\"40\" maxlength=\"400\" class=\"wpcf7-form-control wpcf7-email wpcf7-validates-as-required wpcf7-text wpcf7-validates-as-email\" autocomplete=\"email\" aria-required=\"true\" aria-invalid=\"false\" value=\"\" type=\"email\" name=\"your-email\" \/><\/span> <\/label>\n<\/p>\n<p><label> Termin zawod\u00f3w<br \/>\n<span class=\"wpcf7-form-control-wrap\" data-name=\"date-72\"><input class=\"wpcf7-form-control wpcf7-date wpcf7-validates-as-required wpcf7-validates-as-date\" min=\"2023-01-01\" aria-required=\"true\" aria-invalid=\"false\" value=\"\" type=\"date\" name=\"date-72\" \/><\/span><\/label>\n<\/p>\n<p><label> Nazwa zawod\u00f3w<span class=\"wpcf7-form-control-wrap\" data-name=\"your-subject\"><input size=\"40\" maxlength=\"400\" class=\"wpcf7-form-control wpcf7-text wpcf7-validates-as-required\" aria-required=\"true\" aria-invalid=\"false\" value=\"\" type=\"text\" name=\"your-subject\" \/><\/span> <\/label>\n<\/p>\n<p><label>Strona www zawod\u00f3w<span class=\"wpcf7-form-control-wrap\" data-name=\"url-137\"><input size=\"40\" maxlength=\"400\" class=\"wpcf7-form-control wpcf7-url wpcf7-text wpcf7-validates-as-url\" aria-invalid=\"false\" value=\"\" type=\"url\" name=\"url-137\" \/><\/span> <\/label>\n<\/p>\n<p><label>Dodatkowe informacje<span class=\"wpcf7-form-control-wrap\" data-name=\"your-message\"><textarea cols=\"40\" rows=\"10\" maxlength=\"2000\" class=\"wpcf7-form-control wpcf7-textarea\" aria-invalid=\"false\" name=\"your-message\"><\/textarea><\/span> <\/label>\n<\/p>\n<p><span class=\"wpcf7-form-control-wrap\" data-name=\"acceptance-97\"><span class=\"wpcf7-form-control wpcf7-acceptance\"><span class=\"wpcf7-list-item\"><label><input type=\"checkbox\" name=\"acceptance-97\" value=\"1\" aria-invalid=\"false\" \/><span class=\"wpcf7-list-item-label\">Wyra\u017cam zgod\u0119 na przetwarzanie podanych danych w celu kontaktu<\/span><\/label><\/span><\/span><\/span>\n<\/p>\n<p><input class=\"wpcf7-form-control wpcf7-submit has-spinner\" type=\"submit\" value=\"Wy\u015blij\" \/>\n<\/p><div class=\"wpcf7-response-output\" aria-hidden=\"true\"><\/div>\n<\/form>\n<\/div>\n\n\n\n\n<ul class=\"wp-block-social-links has-visible-labels has-icon-color is-style-logos-only is-content-justification-left is-nowrap is-layout-flex wp-container-core-social-links-is-layout-f56a869c wp-block-social-links-is-layout-flex\"><li style=\"color:#159ae7;\" class=\"wp-social-link wp-social-link-mail has-blue-color wp-block-social-link\"><a rel=\"noopener nofollow\" target=\"_blank\" href=\"mailto:&#108;&#105;c&#101;&#110;&#099;&#106;e&#064;&#112;&#111;&#109;&#122;&#107;ol&#046;&#112;l\" class=\"wp-block-social-link-anchor\"><svg width=\"24\" height=\"24\" viewBox=\"0 0 24 24\" version=\"1.1\" xmlns=\"http:\/\/www.w3.org\/2000\/svg\" aria-hidden=\"true\" focusable=\"false\"><path d=\"M19,5H5c-1.1,0-2,.9-2,2v10c0,1.1.9,2,2,2h14c1.1,0,2-.9,2-2V7c0-1.1-.9-2-2-2zm.5,12c0,.3-.2.5-.5.5H5c-.3,0-.5-.2-.5-.5V9.8l7.5,5.6,7.5-5.6V17zm0-9.1L12,13.6,4.5,7.9V7c0-.3.2-.5.5-.5h14c.3,0,.5.2.5.5v.9z\"><\/path><\/svg><span class=\"wp-block-social-link-label\">Mail<\/span><\/a><\/li>\n\n<li style=\"color:#159ae7;\" class=\"wp-social-link wp-social-link-facebook has-blue-color wp-block-social-link\"><a rel=\"noopener nofollow\" target=\"_blank\" href=\"https:\/\/www.facebook.com\/pomzkol\" class=\"wp-block-social-link-anchor\"><svg width=\"24\" height=\"24\" viewBox=\"0 0 24 24\" version=\"1.1\" xmlns=\"http:\/\/www.w3.org\/2000\/svg\" aria-hidden=\"true\" focusable=\"false\"><path d=\"M12 2C6.5 2 2 6.5 2 12c0 5 3.7 9.1 8.4 9.9v-7H7.9V12h2.5V9.8c0-2.5 1.5-3.9 3.8-3.9 1.1 0 2.2.2 2.2.2v2.5h-1.3c-1.2 0-1.6.8-1.6 1.6V12h2.8l-.4 2.9h-2.3v7C18.3 21.1 22 17 22 12c0-5.5-4.5-10-10-10z\"><\/path><\/svg><span class=\"wp-block-social-link-label\">Facebook<\/span><\/a><\/li><\/ul>\n","protected":false},"excerpt":{"rendered":"<p>Chcesz zg\u0142osi\u0107 wydarzenie ? Skontaktuj si\u0119 z nami<\/p>\n","protected":false},"author":1,"featured_media":1442,"parent":0,"menu_order":4,"comment_status":"closed","ping_status":"closed","template":"templates\/full-width-page.php","meta":{"footnotes":""},"class_list":["post-47","page","type-page","status-publish","has-post-thumbnail","hentry"],"_links":{"self":[{"href":"https:\/\/www.pomzkol.pl\/index.php\/wp-json\/wp\/v2\/pages\/47","targetHints":{"allow":["GET"]}}],"collection":[{"href":"https:\/\/www.pomzkol.pl\/index.php\/wp-json\/wp\/v2\/pages"}],"about":[{"href":"https:\/\/www.pomzkol.pl\/index.php\/wp-json\/wp\/v2\/types\/page"}],"author":[{"embeddable":true,"href":"https:\/\/www.pomzkol.pl\/index.php\/wp-json\/wp\/v2\/users\/1"}],"replies":[{"embeddable":true,"href":"https:\/\/www.pomzkol.pl\/index.php\/wp-json\/wp\/v2\/comments?post=47"}],"version-history":[{"count":5,"href":"https:\/\/www.pomzkol.pl\/index.php\/wp-json\/wp\/v2\/pages\/47\/revisions"}],"predecessor-version":[{"id":2449,"href":"https:\/\/www.pomzkol.pl\/index.php\/wp-json\/wp\/v2\/pages\/47\/revisions\/2449"}],"wp:featuredmedia":[{"embeddable":true,"href":"https:\/\/www.pomzkol.pl\/index.php\/wp-json\/wp\/v2\/media\/1442"}],"wp:attachment":[{"href":"https:\/\/www.pomzkol.pl\/index.php\/wp-json\/wp\/v2\/media?parent=47"}],"curies":[{"name":"wp","href":"https:\/\/api.w.org\/{rel}","templated":true}]}}